{"id":2825,"date":"2025-05-15T11:19:49","date_gmt":"2025-05-15T11:19:49","guid":{"rendered":"https:\/\/malik-davis.com\/?page_id=2825"},"modified":"2025-05-28T15:47:32","modified_gmt":"2025-05-28T15:47:32","slug":"about","status":"publish","type":"page","link":"https:\/\/malik-davis.com\/de\/about\/","title":{"rendered":"\u00dcBER"},"content":{"rendered":"<div data-elementor-type=\"wp-page\" data-elementor-id=\"2825\" class=\"elementor elementor-2825\" data-elementor-post-type=\"page\">\n\t\t\t\t\t\t<section class=\"elementor-section elementor-top-section elementor-element elementor-element-2fee0b6 elementor-section-boxed elementor-section-height-default elementor-section-height-default exad-glass-effect-no exad-sticky-section-no\" data-id=\"2fee0b6\" data-element_type=\"section\" data-e-type=\"section\" data-settings=\"{&quot;background_background&quot;:&quot;classic&quot;,&quot;animation_mobile&quot;:&quot;none&quot;}\">\n\t\t\t\t\t\t\t<div class=\"elementor-background-overlay\"><\/div>\n\t\t\t\t\t\t\t<div class=\"elementor-container elementor-column-gap-default\">\n\t\t\t\t\t<div class=\"elementor-column elementor-col-50 elementor-top-column elementor-element elementor-element-0db108e exad-glass-effect-no exad-sticky-section-no\" data-id=\"0db108e\" data-element_type=\"column\" data-e-type=\"column\">\n\t\t\t<div class=\"elementor-widget-wrap elementor-element-populated\">\n\t\t\t\t\t\t<div class=\"elementor-element elementor-element-6329852 exad-sticky-section-no exad-glass-effect-no elementor-widget elementor-widget-image\" data-id=\"6329852\" data-element_type=\"widget\" data-e-type=\"widget\" data-widget_type=\"image.default\">\n\t\t\t\t<div class=\"elementor-widget-container\">\n\t\t\t\t\t\t\t\t\t\t\t\t\t\t\t<img fetchpriority=\"high\" decoding=\"async\" width=\"683\" height=\"1024\" src=\"https:\/\/i0.wp.com\/malik-davis.com\/wp-content\/uploads\/2021\/12\/DSC08792-2-scaled.jpg?fit=683%2C1024&amp;ssl=1\" class=\"attachment-large size-large wp-image-5\" alt=\"\" srcset=\"https:\/\/i0.wp.com\/malik-davis.com\/wp-content\/uploads\/2021\/12\/DSC08792-2-scaled.jpg?w=1706&amp;ssl=1 1706w, https:\/\/i0.wp.com\/malik-davis.com\/wp-content\/uploads\/2021\/12\/DSC08792-2-scaled.jpg?resize=200%2C300&amp;ssl=1 200w, https:\/\/i0.wp.com\/malik-davis.com\/wp-content\/uploads\/2021\/12\/DSC08792-2-scaled.jpg?resize=683%2C1024&amp;ssl=1 683w, https:\/\/i0.wp.com\/malik-davis.com\/wp-content\/uploads\/2021\/12\/DSC08792-2-scaled.jpg?resize=768%2C1152&amp;ssl=1 768w, https:\/\/i0.wp.com\/malik-davis.com\/wp-content\/uploads\/2021\/12\/DSC08792-2-scaled.jpg?resize=1024%2C1536&amp;ssl=1 1024w\" sizes=\"(max-width: 683px) 100vw, 683px\" \/>\t\t\t\t\t\t\t\t\t\t\t\t\t\t\t<\/div>\n\t\t\t\t<\/div>\n\t\t\t\t\t<\/div>\n\t\t<\/div>\n\t\t\t\t<div class=\"elementor-column elementor-col-50 elementor-top-column elementor-element elementor-element-028da2b exad-glass-effect-no exad-sticky-section-no\" data-id=\"028da2b\" data-element_type=\"column\" data-e-type=\"column\" data-settings=\"{&quot;background_background&quot;:&quot;classic&quot;}\">\n\t\t\t<div class=\"elementor-widget-wrap elementor-element-populated\">\n\t\t\t\t\t\t<div class=\"elementor-element elementor-element-f51a848 exad-sticky-section-no exad-glass-effect-no elementor-widget elementor-widget-heading\" data-id=\"f51a848\" data-element_type=\"widget\" data-e-type=\"widget\" data-widget_type=\"heading.default\">\n\t\t\t\t<div class=\"elementor-widget-container\">\n\t\t\t\t\t<h2 class=\"elementor-heading-title elementor-size-default\"><b>\u00dcBER<\/h2>\t\t\t\t<\/div>\n\t\t\t\t<\/div>\n\t\t\t\t<div class=\"elementor-element elementor-element-107e39f exad-sticky-section-no exad-glass-effect-no elementor-widget elementor-widget-text-editor\" data-id=\"107e39f\" data-element_type=\"widget\" data-e-type=\"widget\" data-settings=\"{&quot;_animation_mobile&quot;:&quot;none&quot;}\" data-widget_type=\"text-editor.default\">\n\t\t\t\t<div class=\"elementor-widget-container\">\n\t\t\t\t\t\t\t\t\t<p data-start=\"143\" data-end=\"1060\">Malik war schon immer Sportler und wurde schon in seiner Jugend Profi. Er absolvierte ein Elite-Sportoberschule mit Schwerpunkt Sprint. Doch seine Leidenschaft f\u00fcr Bewegung reichte weit \u00fcber die Ziellinie hinaus. Er vertiefte sich in Disziplinen wie Akrobatik, Parkour, Calisthenics, Kampfsport und Tanz und vereinte sie zu einem einzigartigen, ausdrucksstarken Stil, den er auf der B\u00fchne und im Fernsehen pr\u00e4sentierte. Sein Karriereh\u00f6hepunkt war 2019 sein Einstieg beim Cirque du Soleil. Neben seiner T\u00e4tigkeit als Schauspieler begann er 2013, Bewegungskurse f\u00fcr Universit\u00e4ten in Berlin und Hannover zu geben, was den Grundstein f\u00fcr seinen Weg als zertifizierter Trainer legte. Dar\u00fcber hinaus sammelte er praktische Erfahrungen in konventionellen Fitnessstudios mit einem breiten Spektrum an Kunden und Trainingsbed\u00fcrfnissen. Als die Welt w\u00e4hrend der Pandemie zum Stillstand kam, zog er sich von seinen Auftritten zur\u00fcck, um sich ganz dem Coaching zu widmen und seine vielf\u00e4ltigen Erfahrungen zu nutzen, um anderen zu helfen, zu wachsen, sich zu bewegen und sich zu ver\u00e4ndern. Heute unterst\u00fctzt Malik Klienten aus allen Lebensbereichen, ob Sportler, die ihre Leistung steigern m\u00f6chten, Berufst\u00e4tige, die abnehmen und Kraft aufbauen m\u00f6chten, oder junge Erwachsene, die wieder zu ihrem K\u00f6rper finden m\u00f6chten. Sein ganzheitlicher Ansatz vereint Anpassungsf\u00e4higkeit, Disziplin, spielerisches Lernen und solide Grundlagen. Ob Ihr Ziel H\u00f6chstleistungen sind oder sich einfach wohler in Ihrem K\u00f6rper f\u00fchlen m\u00f6chten \u2013 er holt Sie dort ab, wo Sie stehen, und hilft Ihnen, von dort aus weiterzuentwickeln.<\/p><p data-start=\"1062\" data-end=\"1510\">Today, Malik supports clients from all walks of life, whether it&#8217;s athletes aiming to elevate their performance, professionals shedding weight and building strength, or young adults reconnecting with their bodies. His holistic approach combines adaptability, discipline, playful learning and strong foundations. Whether your goal is peak performance or simply feeling more at home in your body, he meets you where you are and helps you build from there.<\/p>\t\t\t\t\t\t\t\t<\/div>\n\t\t\t\t<\/div>\n\t\t\t\t<div class=\"elementor-element elementor-element-8e64568 elementor-align-center exad-sticky-section-no exad-glass-effect-no elementor-widget elementor-widget-button\" data-id=\"8e64568\" data-element_type=\"widget\" data-e-type=\"widget\" data-widget_type=\"button.default\">\n\t\t\t\t<div class=\"elementor-widget-container\">\n\t\t\t\t\t\t\t\t\t<div class=\"elementor-button-wrapper\">\n\t\t\t\t\t<a class=\"elementor-button elementor-button-link elementor-size-sm\" href=\"https:\/\/malik-davis.com\/de\/contact\/\">\n\t\t\t\t\t\t<span class=\"elementor-button-content-wrapper\">\n\t\t\t\t\t\t\t\t\t<span class=\"elementor-button-text\">Kostenlose Beratung<\/span>\n\t\t\t\t\t<\/span>\n\t\t\t\t\t<\/a>\n\t\t\t\t<\/div>\n\t\t\t\t\t\t\t\t<\/div>\n\t\t\t\t<\/div>\n\t\t\t\t\t<\/div>\n\t\t<\/div>\n\t\t\t\t\t<\/div>\n\t\t<\/section>\n\t\t\t\t<\/div>","protected":false},"excerpt":{"rendered":"<p>ABOUT A lifelong athlete, Malik turned professional in his youth and graduated from an elite sports high school with a focus on sprinting. But his passion for movement extended far beyond the finish line. He immersed himself in disciplines like acrobatics, parkour, calisthenics, martial arts and dance &#8211; blending them into a unique, expressive style [&hellip;]<\/p>\n","protected":false},"author":1,"featured_media":0,"parent":0,"menu_order":0,"comment_status":"closed","ping_status":"closed","template":"","meta":{"nf_dc_page":"","site-sidebar-layout":"no-sidebar","site-content-layout":"page-builder","ast-site-content-layout":"full-width-container","site-content-style":"default","site-sidebar-style":"default","ast-global-header-display":"","ast-banner-title-visibility":"","ast-main-header-display":"","ast-hfb-above-header-display":"","ast-hfb-below-header-display":"","ast-hfb-mobile-header-display":"","site-post-title":"disabled","ast-breadcrumbs-content":"","ast-featured-img":"disabled","footer-sml-layout":"","ast-disable-related-posts":"","theme-transparent-header-meta":"","adv-header-id-meta":"","stick-header-meta":"","header-above-stick-meta":"","header-main-stick-meta":"","header-below-stick-meta":"","astra-migrate-meta-layouts":"set","ast-page-background-enabled":"default","ast-page-background-meta":{"desktop":{"background-color":"var(--ast-global-color-4)","background-image":"","background-repeat":"repeat","background-position":"center center","background-size":"auto","background-attachment":"scroll","background-type":"","background-media":"","overlay-type":"","overlay-color":"","overlay-opacity":"","overlay-gradient":""},"tablet":{"background-color":"","background-image":"","background-repeat":"repeat","background-position":"center center","background-size":"auto","background-attachment":"scroll","background-type":"","background-media":"","overlay-type":"","overlay-color":"","overlay-opacity":"","overlay-gradient":""},"mobile":{"background-color":"","background-image":"","background-repeat":"repeat","background-position":"center center","background-size":"auto","background-attachment":"scroll","background-type":"","background-media":"","overlay-type":"","overlay-color":"","overlay-opacity":"","overlay-gradient":""}},"ast-content-background-meta":{"desktop":{"background-color":"var(--ast-global-color-5)","background-image":"","background-repeat":"repeat","background-position":"center center","background-size":"auto","background-attachment":"scroll","background-type":"","background-media":"","overlay-type":"","overlay-color":"","overlay-opacity":"","overlay-gradient":""},"tablet":{"background-color":"var(--ast-global-color-5)","background-image":"","background-repeat":"repeat","background-position":"center center","background-size":"auto","background-attachment":"scroll","background-type":"","background-media":"","overlay-type":"","overlay-color":"","overlay-opacity":"","overlay-gradient":""},"mobile":{"background-color":"var(--ast-global-color-5)","background-image":"","background-repeat":"repeat","background-position":"center center","background-size":"auto","background-attachment":"scroll","background-type":"","background-media":"","overlay-type":"","overlay-color":"","overlay-opacity":"","overlay-gradient":""}},"footnotes":""},"class_list":["post-2825","page","type-page","status-publish","hentry"],"yoast_head":"<!-- This site is optimized with the Yoast SEO plugin v27.6 - https:\/\/yoast.com\/product\/yoast-seo-wordpress\/ -->\n<title>ABOUT - Malik K. Davis<\/title>\n<meta name=\"robots\" content=\"index, follow, max-snippet:-1, max-image-preview:large, max-video-preview:-1\" \/>\n<link rel=\"canonical\" href=\"https:\/\/malik-davis.com\/de\/about\/\" \/>\n<meta property=\"og:locale\" content=\"de_DE\" \/>\n<meta property=\"og:type\" content=\"article\" \/>\n<meta property=\"og:title\" content=\"ABOUT - Malik K. Davis\" \/>\n<meta property=\"og:description\" content=\"ABOUT A lifelong athlete, Malik turned professional in his youth and graduated from an elite sports high school with a focus on sprinting. But his passion for movement extended far beyond the finish line. He immersed himself in disciplines like acrobatics, parkour, calisthenics, martial arts and dance &#8211; blending them into a unique, expressive style [&hellip;]\" \/>\n<meta property=\"og:url\" content=\"https:\/\/malik-davis.com\/de\/about\/\" \/>\n<meta property=\"og:site_name\" content=\"Malik K. Davis\" \/>\n<meta property=\"article:publisher\" content=\"https:\/\/www.facebook.com\/malik.davis.564\" \/>\n<meta property=\"article:modified_time\" content=\"2025-05-28T15:47:32+00:00\" \/>\n<meta property=\"og:image\" content=\"https:\/\/malik-davis.com\/wp-content\/uploads\/2021\/12\/DSC08792-2-683x1024.jpg\" \/>\n<meta name=\"twitter:card\" content=\"summary_large_image\" \/>\n<meta name=\"twitter:label1\" content=\"Gesch\u00e4tzte Lesezeit\" \/>\n\t<meta name=\"twitter:data1\" content=\"2\u00a0Minuten\" \/>\n<script type=\"application\/ld+json\" class=\"yoast-schema-graph\">{\"@context\":\"https:\\\/\\\/schema.org\",\"@graph\":[{\"@type\":\"WebPage\",\"@id\":\"https:\\\/\\\/malik-davis.com\\\/about\\\/\",\"url\":\"https:\\\/\\\/malik-davis.com\\\/about\\\/\",\"name\":\"ABOUT - Malik K. Davis\",\"isPartOf\":{\"@id\":\"https:\\\/\\\/malik-davis.com\\\/#website\"},\"primaryImageOfPage\":{\"@id\":\"https:\\\/\\\/malik-davis.com\\\/about\\\/#primaryimage\"},\"image\":{\"@id\":\"https:\\\/\\\/malik-davis.com\\\/about\\\/#primaryimage\"},\"thumbnailUrl\":\"https:\\\/\\\/malik-davis.com\\\/wp-content\\\/uploads\\\/2021\\\/12\\\/DSC08792-2-683x1024.jpg\",\"datePublished\":\"2025-05-15T11:19:49+00:00\",\"dateModified\":\"2025-05-28T15:47:32+00:00\",\"breadcrumb\":{\"@id\":\"https:\\\/\\\/malik-davis.com\\\/about\\\/#breadcrumb\"},\"inLanguage\":\"de\",\"potentialAction\":[{\"@type\":\"ReadAction\",\"target\":[\"https:\\\/\\\/malik-davis.com\\\/about\\\/\"]}]},{\"@type\":\"ImageObject\",\"inLanguage\":\"de\",\"@id\":\"https:\\\/\\\/malik-davis.com\\\/about\\\/#primaryimage\",\"url\":\"https:\\\/\\\/malik-davis.com\\\/wp-content\\\/uploads\\\/2021\\\/12\\\/DSC08792-2-683x1024.jpg\",\"contentUrl\":\"https:\\\/\\\/malik-davis.com\\\/wp-content\\\/uploads\\\/2021\\\/12\\\/DSC08792-2-683x1024.jpg\"},{\"@type\":\"BreadcrumbList\",\"@id\":\"https:\\\/\\\/malik-davis.com\\\/about\\\/#breadcrumb\",\"itemListElement\":[{\"@type\":\"ListItem\",\"position\":1,\"name\":\"Home\",\"item\":\"https:\\\/\\\/malik-davis.com\\\/\"},{\"@type\":\"ListItem\",\"position\":2,\"name\":\"ABOUT\"}]},{\"@type\":\"WebSite\",\"@id\":\"https:\\\/\\\/malik-davis.com\\\/#website\",\"url\":\"https:\\\/\\\/malik-davis.com\\\/\",\"name\":\"Malik K. Davis\",\"description\":\"\",\"publisher\":{\"@id\":\"https:\\\/\\\/malik-davis.com\\\/#\\\/schema\\\/person\\\/23289d3731e8a5401fdc17618d4e0503\"},\"potentialAction\":[{\"@type\":\"SearchAction\",\"target\":{\"@type\":\"EntryPoint\",\"urlTemplate\":\"https:\\\/\\\/malik-davis.com\\\/?s={search_term_string}\"},\"query-input\":{\"@type\":\"PropertyValueSpecification\",\"valueRequired\":true,\"valueName\":\"search_term_string\"}}],\"inLanguage\":\"de\"},{\"@type\":[\"Person\",\"Organization\"],\"@id\":\"https:\\\/\\\/malik-davis.com\\\/#\\\/schema\\\/person\\\/23289d3731e8a5401fdc17618d4e0503\",\"name\":\"Malik\",\"image\":{\"@type\":\"ImageObject\",\"inLanguage\":\"de\",\"@id\":\"https:\\\/\\\/i0.wp.com\\\/malik-davis.com\\\/wp-content\\\/uploads\\\/2021\\\/12\\\/cropped-Malik-9-4171-b-web.jpg?fit=180%2C180&ssl=1\",\"url\":\"https:\\\/\\\/i0.wp.com\\\/malik-davis.com\\\/wp-content\\\/uploads\\\/2021\\\/12\\\/cropped-Malik-9-4171-b-web.jpg?fit=180%2C180&ssl=1\",\"contentUrl\":\"https:\\\/\\\/i0.wp.com\\\/malik-davis.com\\\/wp-content\\\/uploads\\\/2021\\\/12\\\/cropped-Malik-9-4171-b-web.jpg?fit=180%2C180&ssl=1\",\"width\":180,\"height\":180,\"caption\":\"Malik\"},\"logo\":{\"@id\":\"https:\\\/\\\/i0.wp.com\\\/malik-davis.com\\\/wp-content\\\/uploads\\\/2021\\\/12\\\/cropped-Malik-9-4171-b-web.jpg?fit=180%2C180&ssl=1\"},\"sameAs\":[\"https:\\\/\\\/malik-davis.com\",\"https:\\\/\\\/www.facebook.com\\\/malik.davis.564\",\"https:\\\/\\\/www.instagram.com\\\/malikk.davis\\\/\",\"https:\\\/\\\/soundcloud.com\\\/maluca-dave\"]}]}<\/script>\n<!-- \/ Yoast SEO plugin. -->","yoast_head_json":{"title":"ABOUT - Malik K. Davis","robots":{"index":"index","follow":"follow","max-snippet":"max-snippet:-1","max-image-preview":"max-image-preview:large","max-video-preview":"max-video-preview:-1"},"canonical":"https:\/\/malik-davis.com\/de\/about\/","og_locale":"de_DE","og_type":"article","og_title":"ABOUT - Malik K. Davis","og_description":"ABOUT A lifelong athlete, Malik turned professional in his youth and graduated from an elite sports high school with a focus on sprinting. But his passion for movement extended far beyond the finish line. He immersed himself in disciplines like acrobatics, parkour, calisthenics, martial arts and dance &#8211; blending them into a unique, expressive style [&hellip;]","og_url":"https:\/\/malik-davis.com\/de\/about\/","og_site_name":"Malik K. Davis","article_publisher":"https:\/\/www.facebook.com\/malik.davis.564","article_modified_time":"2025-05-28T15:47:32+00:00","og_image":[{"url":"https:\/\/malik-davis.com\/wp-content\/uploads\/2021\/12\/DSC08792-2-683x1024.jpg","type":"","width":"","height":""}],"twitter_card":"summary_large_image","twitter_misc":{"Gesch\u00e4tzte Lesezeit":"2\u00a0Minuten"},"schema":{"@context":"https:\/\/schema.org","@graph":[{"@type":"WebPage","@id":"https:\/\/malik-davis.com\/about\/","url":"https:\/\/malik-davis.com\/about\/","name":"ABOUT - Malik K. Davis","isPartOf":{"@id":"https:\/\/malik-davis.com\/#website"},"primaryImageOfPage":{"@id":"https:\/\/malik-davis.com\/about\/#primaryimage"},"image":{"@id":"https:\/\/malik-davis.com\/about\/#primaryimage"},"thumbnailUrl":"https:\/\/malik-davis.com\/wp-content\/uploads\/2021\/12\/DSC08792-2-683x1024.jpg","datePublished":"2025-05-15T11:19:49+00:00","dateModified":"2025-05-28T15:47:32+00:00","breadcrumb":{"@id":"https:\/\/malik-davis.com\/about\/#breadcrumb"},"inLanguage":"de","potentialAction":[{"@type":"ReadAction","target":["https:\/\/malik-davis.com\/about\/"]}]},{"@type":"ImageObject","inLanguage":"de","@id":"https:\/\/malik-davis.com\/about\/#primaryimage","url":"https:\/\/malik-davis.com\/wp-content\/uploads\/2021\/12\/DSC08792-2-683x1024.jpg","contentUrl":"https:\/\/malik-davis.com\/wp-content\/uploads\/2021\/12\/DSC08792-2-683x1024.jpg"},{"@type":"BreadcrumbList","@id":"https:\/\/malik-davis.com\/about\/#breadcrumb","itemListElement":[{"@type":"ListItem","position":1,"name":"Home","item":"https:\/\/malik-davis.com\/"},{"@type":"ListItem","position":2,"name":"ABOUT"}]},{"@type":"WebSite","@id":"https:\/\/malik-davis.com\/#website","url":"https:\/\/malik-davis.com\/","name":"Malik K. Davis","description":"","publisher":{"@id":"https:\/\/malik-davis.com\/#\/schema\/person\/23289d3731e8a5401fdc17618d4e0503"},"potentialAction":[{"@type":"SearchAction","target":{"@type":"EntryPoint","urlTemplate":"https:\/\/malik-davis.com\/?s={search_term_string}"},"query-input":{"@type":"PropertyValueSpecification","valueRequired":true,"valueName":"search_term_string"}}],"inLanguage":"de"},{"@type":["Person","Organization"],"@id":"https:\/\/malik-davis.com\/#\/schema\/person\/23289d3731e8a5401fdc17618d4e0503","name":"Malik","image":{"@type":"ImageObject","inLanguage":"de","@id":"https:\/\/i0.wp.com\/malik-davis.com\/wp-content\/uploads\/2021\/12\/cropped-Malik-9-4171-b-web.jpg?fit=180%2C180&ssl=1","url":"https:\/\/i0.wp.com\/malik-davis.com\/wp-content\/uploads\/2021\/12\/cropped-Malik-9-4171-b-web.jpg?fit=180%2C180&ssl=1","contentUrl":"https:\/\/i0.wp.com\/malik-davis.com\/wp-content\/uploads\/2021\/12\/cropped-Malik-9-4171-b-web.jpg?fit=180%2C180&ssl=1","width":180,"height":180,"caption":"Malik"},"logo":{"@id":"https:\/\/i0.wp.com\/malik-davis.com\/wp-content\/uploads\/2021\/12\/cropped-Malik-9-4171-b-web.jpg?fit=180%2C180&ssl=1"},"sameAs":["https:\/\/malik-davis.com","https:\/\/www.facebook.com\/malik.davis.564","https:\/\/www.instagram.com\/malikk.davis\/","https:\/\/soundcloud.com\/maluca-dave"]}]}},"jetpack_sharing_enabled":true,"_links":{"self":[{"href":"https:\/\/malik-davis.com\/de\/wp-json\/wp\/v2\/pages\/2825","targetHints":{"allow":["GET"]}}],"collection":[{"href":"https:\/\/malik-davis.com\/de\/wp-json\/wp\/v2\/pages"}],"about":[{"href":"https:\/\/malik-davis.com\/de\/wp-json\/wp\/v2\/types\/page"}],"author":[{"embeddable":true,"href":"https:\/\/malik-davis.com\/de\/wp-json\/wp\/v2\/users\/1"}],"replies":[{"embeddable":true,"href":"https:\/\/malik-davis.com\/de\/wp-json\/wp\/v2\/comments?post=2825"}],"version-history":[{"count":5,"href":"https:\/\/malik-davis.com\/de\/wp-json\/wp\/v2\/pages\/2825\/revisions"}],"predecessor-version":[{"id":3660,"href":"https:\/\/malik-davis.com\/de\/wp-json\/wp\/v2\/pages\/2825\/revisions\/3660"}],"wp:attachment":[{"href":"https:\/\/malik-davis.com\/de\/wp-json\/wp\/v2\/media?parent=2825"}],"curies":[{"name":"wp","href":"https:\/\/api.w.org\/{rel}","templated":true}]}}